{"id":1671,"date":"2023-04-11T23:57:08","date_gmt":"2023-04-11T21:57:08","guid":{"rendered":"http:\/\/www.hanakodanjo.fr\/?page_id=1671"},"modified":"2024-10-29T00:46:48","modified_gmt":"2024-10-28T22:46:48","slug":"cv","status":"publish","type":"page","link":"https:\/\/www.hanakodanjo.fr\/?page_id=1671","title":{"rendered":"CV"},"content":{"rendered":"\n<h2 class=\"wp-block-heading\"><strong>Th\u00e9\u00e2tre<\/strong><\/h2>\n\n\n\n<ul>\n<li>Mise en sc\u00e8ne pour le spectacle lyrique \u00ab <em>M.a\u2026Mam\u2019&#8230;Man<\/em> \u00bb de la compagnie <em>Dites donc <\/em>(2026)<\/li>\n\n\n\n<li>Spectacle jeune public \u00ab L\u2019histoire extraordinaire de la boutique de Mlle Pivert \u00bb de la Compagnie Ti Manma\u00ef (No\u00ebl 2024)<\/li>\n\n\n\n<li>Les pr\u00e9sentations de conte pour le compagnie Le Bal de Saint-Bonnet (2022-2024)<\/li>\n\n\n\n<li>Mime dans l\u2019op\u00e9ra \u00ab Nixon in china \u00bb mise en sc\u00e8ne Valentina Carrasco \u00e0 l\u2019op\u00e9ra Bastille (2023)<\/li>\n\n\n\n<li>Avec la compagnie \u00ab Les Anthropologues \u00bb : <em>L\u2019enfant de la nuit<\/em> (2011), <em>Aleriae Fabula Chronica<\/em> (2013), <em>Vues d\u2019en eau<\/em> (2013 &#8211; 2023), <em>Paie ton canon !<\/em> (2015), <em>Les voyages de Gulliver<\/em> (2015 &#8211; 2017), <em>L\u2019enfant sauvage<\/em> (2017),<em> Les aventures de Pinocchio<\/em> (2019 &#8211; 2022)<\/li>\n\n\n\n<li>Mise en sc\u00e8ne pour le spectacle lyrique <em>Les m\u00e9tamorphos\u00e9(e)s<\/em> de la compagnie <em>Oneiroi<\/em> (2014)<\/li>\n\n\n\n<li>Spectacle de th\u00e9\u00e2tre <em>L\u2019oiseau bleu<\/em> avec le <em>collectif Quatre Aile<\/em>s (2012 &#8211; 2015)<\/li>\n<\/ul>\n\n\n\n<h2 class=\"wp-block-heading\"><strong>Danse<\/strong><\/h2>\n\n\n\n<ul>\n<li>Spectacle de danse &#8211; th\u00e9\u00e2tre \u00ab <em>Keep cool<\/em> \u00bb avec la compagnie Herve-Gil (2020 &#8211; 2022)<\/li>\n\n\n\n<li>Spectacle de danse &#8211; th\u00e9\u00e2tre \u00ab<em>Tchoco<\/em> \u00bb avec la compagnie Herve-Gil (2017 &#8211; 2019)<\/li>\n\n\n\n<li>R\u00f4le de danseuse dans le documentaire \u00ab <em>L\u2019ADN, nos anc\u00eatres et nous<\/em> \u00bb par Franck Gu\u00e9rin et Emmanuel Leconte (2011)<\/li>\n<\/ul>\n\n\n\n<h2 class=\"wp-block-heading\"><strong>Marionnette, Objet<\/strong><\/h2>\n\n\n\n<ul>\n<li>Spectacle de th\u00e9\u00e2tre d\u2019objet \u00ab Et Apr\u00e8s\u2026 \u00bb de la compagnie The Krumple en cours de cr\u00e9ation (2025)<\/li>\n\n\n\n<li>Spectacle de marionnettes et danses \u00ab <em>Pens\u00e9e de Sel<\/em> \u00bb avec la compagnie <em>Herve-Gil<\/em> (2014)<\/li>\n\n\n\n<li>Spectacle de marionnettes \u00ab <em>Promenade(s)<\/em> \u00bb avec la compagnie <em>Tremplin21<\/em> (2011)<\/li>\n\n\n\n<li>Spectacle de marionnettes \u00ab <em>Cailloux<\/em> \u00bb avec la compagnie <em>Th\u00e9\u00e2tre sans toit<\/em> (2007 &#8211; 2008)<\/li>\n<\/ul>\n\n\n\n<h2 class=\"wp-block-heading\"><strong>Cirque<\/strong><\/h2>\n\n\n\n<ul>\n<li>Parades de No\u00ebl avec la compagnie <em>Tewhoola<\/em> (2014 &#8211; 2023) et la compagnie <em>Sur Prise Carr\u00e9e<\/em> (2024)<\/li>\n\n\n\n<li>Spectacle th\u00e9\u00e2tre de cirque \u00ab <em>Les Naufrag\u00e9s de la Bigorne<\/em> \u00bb avec la compagnie <em>Les Bigorniaux<\/em>, tourn\u00e9es en Bretagne (2010)<\/li>\n\n\n\n<li>Duo de clown \u00ab <em>BonBon<\/em> \u00bb dans des th\u00e9\u00e2tres de Paris et banlieue, ainsi que des festivals en France (F\u00eate de l\u2019Humanit\u00e9, Mimos, Mime en Mai, Place aux m\u00f4mes&#8230;)<\/li>\n<\/ul>\n\n\n\n<h2 class=\"wp-block-heading\"><strong>TV, Cin\u00e9ma<\/strong><\/h2>\n\n\n\n<ul>\n<li>R\u00f4le Prostitu\u00e9e (principal) dans le musique vid\u00e9o de Doryan Ben (2024)<\/li>\n\n\n\n<li>R\u00f4le M\u00e8re dans le court m\u00e9trage <em>Mother and Son<\/em> par Satoru Tuburaya (2024)<\/li>\n\n\n\n<li>R\u00f4le Kaoru (principal) dans le court m\u00e9trage web <em>Gilets Jaunes &#8211; l\u2019\u00e9cole des flammes<\/em> de Jean Adrien (2019)<\/li>\n\n\n\n<li>R\u00f4le PeiPei et Petit prince dans le film <em>Le Prince et les 108 D\u00e9mons<\/em> de Pascal Morelli (2013)<\/li>\n\n\n\n<li>R\u00f4le 2<sup>e<\/sup> assistante de photographe japonaise dans le film <em>Holy Motors<\/em> (2011)<\/li>\n\n\n\n<li>R\u00f4le dans un court m\u00e9trage <em>Camping red fishes<\/em> par Gilles Serrand (2013)<\/li>\n\n\n\n<li>R\u00f4le couple japonais dans une pub pour ADP par Philippe Andr\u00e9 (2011)<\/li>\n\n\n\n<li>R\u00f4le Yoko Azuma dans<em> Plus Belle La Vie<\/em> (2 \u00e9pisodes) (2009)<\/li>\n<\/ul>\n\n\n\n<h1 class=\"wp-block-heading\"><strong><em>Formation Principale <\/em><\/strong><\/h1>\n\n\n\n<ul>\n<li>2021 \u2013 2024 Cours de Chant avec Virginie Lesdemia<\/li>\n\n\n\n<li>2011 \u2013 2013 \u00c9cole internationale de th\u00e9\u00e2tre Jacques Lecoq<\/li>\n\n\n\n<li>2004 &#8211; 2007 \u00c9cole de cirque de Nanterre Les Noctambules<\/li>\n\n\n\n<li>1997 &#8211; 2004 \u00c9cole de mime Han Mime (Tokyo)<\/li>\n\n\n\n<li>1990 &#8211; 1997 Th\u00e9\u00e2tre compagnie To-hai (Tokyo)<\/li>\n<\/ul>\n\n\n\n<h2 class=\"wp-block-heading\"><strong>Stages<\/strong><\/h2>\n\n\n\n<ul>\n<li>Danse th\u00e9\u00e2tre d&rsquo;objet : Mati\u00e8re Vivante, Mati\u00e8re dansante (Nancy Rusek, France, 2023)<\/li>\n\n\n\n<li>Th\u00e9\u00e2tre d&rsquo;objet : <em>Int\u00e9rieur &#8211; Ext\u00e9rieur<\/em> (Cie Philippe Genty, France, 2014)<\/li>\n\n\n\n<li>Marionnette : Eric Lambla de Sarria (France)<\/li>\n\n\n\n<li>Clown : Dimitri (Suisse), Vladimir Kryukov (Ukraine)<\/li>\n\n\n\n<li>Mime : Nola Rae (UK), Leela Alaniz (France)<\/li>\n\n\n\n<li>Danse : Philippe Decoufl\u00e9 (France)<\/li>\n<\/ul>\n","protected":false},"excerpt":{"rendered":"<p>Th\u00e9\u00e2tre Danse Marionnette, Objet Cirque TV, Cin\u00e9ma Formation Principale Stages<\/p>\n","protected":false},"author":2,"featured_media":0,"parent":0,"menu_order":0,"comment_status":"closed","ping_status":"closed","template":"","meta":[],"_links":{"self":[{"href":"https:\/\/www.hanakodanjo.fr\/index.php?rest_route=\/wp\/v2\/pages\/1671"}],"collection":[{"href":"https:\/\/www.hanakodanjo.fr\/index.php?rest_route=\/wp\/v2\/pages"}],"about":[{"href":"https:\/\/www.hanakodanjo.fr\/index.php?rest_route=\/wp\/v2\/types\/page"}],"author":[{"embeddable":true,"href":"https:\/\/www.hanakodanjo.fr\/index.php?rest_route=\/wp\/v2\/users\/2"}],"replies":[{"embeddable":true,"href":"https:\/\/www.hanakodanjo.fr\/index.php?rest_route=%2Fwp%2Fv2%2Fcomments&post=1671"}],"version-history":[{"count":18,"href":"https:\/\/www.hanakodanjo.fr\/index.php?rest_route=\/wp\/v2\/pages\/1671\/revisions"}],"predecessor-version":[{"id":1870,"href":"https:\/\/www.hanakodanjo.fr\/index.php?rest_route=\/wp\/v2\/pages\/1671\/revisions\/1870"}],"wp:attachment":[{"href":"https:\/\/www.hanakodanjo.fr\/index.php?rest_route=%2Fwp%2Fv2%2Fmedia&parent=1671"}],"curies":[{"name":"wp","href":"https:\/\/api.w.org\/{rel}","templated":true}]}}