{"id":1673,"date":"2023-04-11T23:59:48","date_gmt":"2023-04-11T21:59:48","guid":{"rendered":"http:\/\/www.hanakodanjo.fr\/?page_id=1673"},"modified":"2024-10-29T00:38:00","modified_gmt":"2024-10-28T22:38:00","slug":"bio","status":"publish","type":"page","link":"https:\/\/www.hanakodanjo.fr\/","title":{"rendered":"BIO"},"content":{"rendered":"\n<div class=\"wp-block-columns is-layout-flex wp-container-4\">\n<div class=\"wp-block-column is-layout-flow\" style=\"flex-basis:100%\">\n<figure class=\"wp-block-gallery aligncenter has-nested-images columns-default is-cropped wp-block-gallery-1 is-layout-flex\">\n<figure class=\"wp-block-image size-large is-style-default\"><img decoding=\"async\" loading=\"lazy\" width=\"1024\" height=\"603\" src=\"http:\/\/www.hanakodanjo.fr\/wp-content\/uploads\/2024\/10\/Photo_CV-1024x603.png\" alt=\"\" class=\"wp-image-1865\" srcset=\"https:\/\/www.hanakodanjo.fr\/wp-content\/uploads\/2024\/10\/Photo_CV-1024x603.png 1024w, https:\/\/www.hanakodanjo.fr\/wp-content\/uploads\/2024\/10\/Photo_CV-300x177.png 300w, https:\/\/www.hanakodanjo.fr\/wp-content\/uploads\/2024\/10\/Photo_CV-768x452.png 768w, https:\/\/www.hanakodanjo.fr\/wp-content\/uploads\/2024\/10\/Photo_CV-1536x904.png 1536w\" sizes=\"(max-width: 1024px) 100vw, 1024px\" \/><\/figure>\n<\/figure>\n<\/div>\n<\/div>\n\n\n\n<p>Hanako Danjo est une artiste aux multiples talents. Dynamique, comique et physique, elle a en m\u00eame temps une sensibilit\u00e9 tr\u00e8s d\u00e9licate.<\/p>\n\n\n\n<p>N\u00e9e \u00e0 Tokyo, Japon. \u00c0 12 ans, Elle d\u00e9couvre le th\u00e9\u00e2tre, le pantomime et la com\u00e9die musicale \u00e0 Tokyo, sa r\u00e9gion natale o\u00f9 elle fait ses classes au conservatoire de mime et th\u00e9\u00e2tre d\u2019Art dramatique. En 1999, elle commence \u00e0 travailler avec la compagnie Han Mime d\u2019un grand ma\u00eetre du pantomime japonais. Avec cette compagnie, elle participe \u00e0 des tourn\u00e9es et de nombreux spectacles, au Japon et dans le monde.<\/p>\n\n\n\n<p>En 2004, elle arrive \u00e0 Paris avec une bourse du minist\u00e8re de la culture du Japon pour \u00e9tudier le cirque. Apr\u00e8s 2 ans, elle s\u2019investit dans le travail avec plusieurs compagnies gr\u00e2ce \u00e0 son talent artistique. <\/p>\n\n\n\n<p>Elle s\u2019\u00e9tablit en France, et travaille sur de multiples cr\u00e9ations, dans divers domaines et disciplines. Th\u00e9\u00e2tre, th\u00e9\u00e2tre d\u2019objet, marionnette, danse contemporaine, mime, masque et clown. <br><br>Entre-temps de 2011 \u00e0 2013, pour d\u00e9velopper ses capacit\u00e9s cr\u00e9atrices, elle suit les cours professionnels de l\u2019\u00e9cole Jacques Lecoq \u00e0 Paris.&nbsp;<\/p>\n\n\n\n<p>Elle continue toujours \u00e0 bouger ses petites pattes artistiques.&nbsp;<\/p>\n\n\n\n<p><br><\/p>\n\n\n\n<p><strong>INFORMATIONS CASTING<\/strong><\/p>\n\n\n\n<p><strong>Yeux <\/strong>: Marron fonc\u00e9  <strong>Taille<\/strong> : 152 cm  <strong>Poids<\/strong> : 43 kg<\/p>\n\n\n\n<p><strong>Langues<\/strong> : Japonais \/ Fran\u00e7ais<\/p>\n\n\n\n<p><strong>Talents <\/strong>: Pantomime\/ \u00c9chasse \/ Chant \/ Danse Contemporaine \/ Claquettes<\/p>\n\n\n\n<p><strong>Permis<\/strong> : Voiture ( automatique ) <\/p>\n","protected":false},"excerpt":{"rendered":"<p>Hanako Danjo est une artiste aux multiples talents. Dynamique, comique et physique, elle a en&#8230;<\/p>\n<div class=\"more-link-wrapper\"><a class=\"more-link\" href=\"https:\/\/www.hanakodanjo.fr\/\">Read the post<span class=\"screen-reader-text\">BIO<\/span><\/a><\/div>\n","protected":false},"author":2,"featured_media":0,"parent":0,"menu_order":0,"comment_status":"closed","ping_status":"closed","template":"","meta":[],"_links":{"self":[{"href":"https:\/\/www.hanakodanjo.fr\/index.php?rest_route=\/wp\/v2\/pages\/1673"}],"collection":[{"href":"https:\/\/www.hanakodanjo.fr\/index.php?rest_route=\/wp\/v2\/pages"}],"about":[{"href":"https:\/\/www.hanakodanjo.fr\/index.php?rest_route=\/wp\/v2\/types\/page"}],"author":[{"embeddable":true,"href":"https:\/\/www.hanakodanjo.fr\/index.php?rest_route=\/wp\/v2\/users\/2"}],"replies":[{"embeddable":true,"href":"https:\/\/www.hanakodanjo.fr\/index.php?rest_route=%2Fwp%2Fv2%2Fcomments&post=1673"}],"version-history":[{"count":39,"href":"https:\/\/www.hanakodanjo.fr\/index.php?rest_route=\/wp\/v2\/pages\/1673\/revisions"}],"predecessor-version":[{"id":1866,"href":"https:\/\/www.hanakodanjo.fr\/index.php?rest_route=\/wp\/v2\/pages\/1673\/revisions\/1866"}],"wp:attachment":[{"href":"https:\/\/www.hanakodanjo.fr\/index.php?rest_route=%2Fwp%2Fv2%2Fmedia&parent=1673"}],"curies":[{"name":"wp","href":"https:\/\/api.w.org\/{rel}","templated":true}]}}